{"id":8552,"date":"2022-07-31T15:06:00","date_gmt":"2022-07-31T13:06:00","guid":{"rendered":"http:\/\/mppd.pl\/?page_id=8552"},"modified":"2022-07-31T15:06:00","modified_gmt":"2022-07-31T13:06:00","slug":"zwrot-i-reklamacja","status":"publish","type":"page","link":"http:\/\/mppd.pl\/hu\/zwrot-i-reklamacja\/","title":{"rendered":"Zwrot i reklamacja"},"content":{"rendered":"<div class=\"wpb-content-wrapper\"><div class=\"vc_row wpb_row vc_row-fluid\"><div class=\"wpb_column vc_column_container vc_col-sm-12\"><div class=\"vc_column-inner\"><div class=\"wpb_wrapper\">\n\t<div class=\"wpb_text_column wpb_content_element\" >\n\t\t<div class=\"wpb_wrapper\">\n\t\t\t<p><strong>1. Formularz zwrotu\/reklamacji<\/strong><\/p>\n<p>Wype\u0142nij formularz zwrotu\/reklamacji (przyk\u0142adowy wz\u00f3r poni\u017cej) i do\u0142\u0105cz go do przesy\u0142ki. Dokument powinien zawiera\u0107 nast\u0119puj\u0105ce dane: imi\u0119 i nazwisko, adres e-mail lub adres do korespondencji, nr telefonu, wskazanie numeru produktu i przyczyna reklamacji, data zakupu oraz wyst\u0105pienia wady.<\/p>\n<p><strong>2. Odes\u0142anie produktu<\/strong><\/p>\n<p>Sk\u0142adaj\u0105c reklamacj\u0119 prosimy o odes\u0142anie produktu wraz ze wszystkimi jego akcesoriami oraz z dokumentem potwierdzaj\u0105cym dokonanie zakupu. W przypadku wyst\u0105pienia konieczno\u015bci zwrotu \u015brodk\u00f3w za transakcj\u0119 dokonan\u0105 przez klienta kart\u0105 p\u0142atnicz\u0105 sprzedaj\u0105cy dokonana zwrotu na rachunek bankowy przypisany do karty p\u0142atniczej Zamawiaj\u0105cego.<\/p>\n<p><strong>3. Wysy\u0142ka<\/strong><\/p>\n<p>Reklamowany produkt nale\u017cy wys\u0142a\u0107 na adres:<br \/>PASLAND<br \/>Warszawska 93<br \/>05-092 \u0141omianki<\/p>\n<p><strong>4. Zwrot towaru<\/strong><\/p>\n<p>Zgodnie z obowi\u0105zuj\u0105cym prawem, masz 14 dni na zwrot towaru. Aby odst\u0105pi\u0107 od umowy i zwr\u00f3ci\u0107 zakupiony u nas produkt, wype\u0142nij potrzebne o\u015bwiadczenie i wy\u015blij go na nasz adres wraz ze zwracanym produktem\/produktami:<br \/>PASLAND<br \/>Warszawska 93<br \/>05-092 \u0141omianki<\/p>\n<p>Do paczki z o\u015bwiadczeniem i zwracanym produktem\/produktami prosz\u0119 do\u0142\u0105czy\u0107 tak\u017ce wszystkie otrzymane z nim\/nimi akcesoria oraz dokument potwierdzaj\u0105cy zakup.<\/p>\n<p>UWAGI:<\/p>\n<p>Prawo odst\u0105pienia od umowy bez podania przyczyny nie przys\u0142uguje konsumentowi w przypadku, gdy kupuj\u0105cy otworzy\u0142 zapiecz\u0119towane opakowanie nagrania d\u017awi\u0119kowego, wizualnego lub programu komputerowego (przepis z ustawy).<\/p>\n<p><strong>Dodatkowe informacje<\/strong><\/p>\n<p>Pouczenie o prawie do odst\u0105pienia od umowy kupna-sprzeda\u017cy Na podstawie art. 27 ustawy z dnia 30 maja 2014 r. o prawach konsumenta (Dz. U. 2014 r., poz. 827) konsument, kt\u00f3ry zawar\u0142 umow\u0119 na odleg\u0142o\u015b\u0107, mo\u017ce od niej odst\u0105pi\u0107 na pi\u015bmie bez podania przyczyny i bez ponoszenia koszt\u00f3w, z wyj\u0105tkiem koszt\u00f3w okre\u015blonych w art. 33, art. 34 ust. 2 i art. 35. Mo\u017cliwe jest odst\u0105pienie od umowy w terminie 14 dni od dnia wydania rzeczy. O\u015bwiadczenie o odst\u0105pieniu od umowy nale\u017cy wys\u0142a\u0107 drog\u0105 pocztow\u0105 na adres siedziby PASLAND, ul. Warszawska 93, 05-092 \u0141omianki lub drog\u0105 elektroniczn\u0105 na adres e-mail: pasland@pasland.pl. Termin 14-sto dniowy, liczy si\u0119 od dnia wydania rzeczy, rozumianego jako obj\u0119cie rzeczy w posiadanie przez konsumenta lub wskazan\u0105 przez konsumenta osob\u0119 trzeci\u0105 inn\u0105 ni\u017c przewo\u017anik. Towar nale\u017cy odes\u0142a\u0107 niezw\u0142ocznie po z\u0142o\u017ceniu o\u015bwiadczenia o odst\u0105pieniu od umowy, nie p\u00f3\u017aniej ni\u017c w terminie 14 dni, w stanie niezmienionym. W przypadku odst\u0105pienia od umowy sprzeda\u017cy towaru zakupionego w zestawie z innym produktem zwrotowi podlega ca\u0142y zestaw. Konsument ponosi odpowiedzialno\u015b\u0107 za zmniejszenie warto\u015bci rzeczy b\u0119d\u0105ce wynikiem korzystania z niej w spos\u00f3b wykraczaj\u0105cy poza konieczny dla stwierdzenia charakteru, cech i funkcjonowania rzeczy. Koszty bezpo\u015bredniego odes\u0142ania (zwrotu) towaru do Sprzedawcy w zwi\u0105zku z dokonanym odst\u0105pieniem od umowy bez podania przyczyny w terminie 14 dni od dnia wydania rzeczy, ponosi konsument. Je\u017celi konsument wybra\u0142 spos\u00f3b dostarczenia rzeczy inny ni\u017c najta\u0144szy zwyk\u0142y spos\u00f3b dostarczenia oferowany przez przedsi\u0119biorc\u0119, przedsi\u0119biorca nie jest zobowi\u0105zany do zwrotu konsumentowi poniesionych przez niego dodatkowych koszt\u00f3w. Prawo odst\u0105pienia od umowy zawartej poza lokalem przedsi\u0119biorstwa lub na odleg\u0142o\u015b\u0107 nie przys\u0142uguje konsumentowi w odniesieniu do um\u00f3w:<\/p>\n<ul>\n<li>o \u015bwiadczenie us\u0142ug, je\u017celi Sprzedaj\u0105cy wykona\u0142 w pe\u0142ni us\u0142ug\u0119 za wyra\u017an\u0105 zgod\u0105 konsumenta, kt\u00f3ry zosta\u0142 poinformowany przed rozpocz\u0119ciem \u015bwiadczenia, \u017ce po spe\u0142nieniu \u015bwiadczenia przez Sprzedaj\u0105cego utraci prawo do odst\u0105pienia od umowy;<\/li>\n<li>w kt\u00f3rej przedmiotem \u015bwiadczenia jest rzecz nieprefabrykowana, wyprodukowana wed\u0142ug specyfikacji konsumenta lub s\u0142u\u017c\u0105ca zaspokojeniu jego zindywidualizowanych potrzeb;<\/li>\n<li>w kt\u00f3rej przedmiotem \u015bwiadczenia s\u0105 nagrania d\u017awi\u0119kowe lub wizualne albo programy komputerowe dostarczane w zapiecz\u0119towanym opakowaniu, je\u017celi opakowanie zosta\u0142o otwarte po dostarczeniu;<\/li>\n<li>o dostarczanie tre\u015bci cyfrowych, kt\u00f3re nie s\u0105 zapisane na no\u015bniku materialnym, je\u017celi spe\u0142nianie \u015bwiadczenia rozpocz\u0119\u0142o si\u0119 za wyra\u017an\u0105 zgod\u0105 konsumenta przed up\u0142ywem terminu do odst\u0105pienia od umowy i po poinformowaniu go przez przedsi\u0119biorc\u0119 o utracie prawa odst\u0105pienia od umowy;<\/li>\n<li>w kt\u00f3rej przedmiotem \u015bwiadczenia s\u0105 nagrania d\u017awi\u0119kowe lub wizualne albo programy komputerowe dostarczane w zapiecz\u0119towanym opakowaniu, je\u017celi opakowanie zosta\u0142o otwarte po dostarczeniu.<\/li>\n<\/ul>\n<p>W przypadku odst\u0105pienia od umowy nale\u017cy wype\u0142ni\u0107 formularz zwrotu:<\/p>\n<p>Adresat:<\/p>\n<p>PASLAND Stanis\u0142aw Paszcza<\/p>\n<p>ul. Warszawska 93 05-092 \u0141omianki<\/p>\n<p>Ja, ni\u017cej podpisany \u2026\u2026\u2026\u2026\u2026\u2026\u2026\u2026\u2026\u2026\u2026.. niniejszym informacj\u0119 o moim odst\u0105pieniu od umowy sprzeda\u017cy nast\u0119puj\u0105cych rzeczy: \u2026\u2026\u2026\u2026\u2026\u2026\u2026\u2026\u2026\u2026\u2026\u2026\u2026\u2026\u2026 W\/w rzeczy zosta\u0142y zakupione w dniu: \u2026\u2026\u2026\u2026\u2026\u2026\u2026\u2026\u2026\u2026\u2026\u2026.. Imi\u0119 i nazwisko: \u2026\u2026\u2026\u2026\u2026\u2026\u2026\u2026\u2026\u2026\u2026\u2026\u2026\u2026\u2026. Adres: \u2026\u2026\u2026\u2026\u2026\u2026\u2026\u2026\u2026\u2026\u2026\u2026\u2026\u2026\u2026\u2026\u2026\u2026. Nr konta do zwrotu pieni\u0119dzy: \u2026\u2026\u2026\u2026\u2026\u2026\u2026\u2026\u2026\u2026\u2026\u2026\u2026\u2026\u2026\u2026\u2026.. Data i podpis \u2026\u2026\u2026\u2026\u2026\u2026\u2026\u2026\u2026\u2026\u2026\u2026\u2026\u2026\u2026\u2026\u2026\u2026\u2026\u2026\u2026..<\/p>\n<p><strong>WA\u017bNE:<\/strong><\/p>\n<p>Zwrot\u00f3w nie przyjmujemy ZA POBRANIEM.<br \/>Zwroty przyjmujemy tylko z dowodem zakupu (paragon, faktura) lub dowodem potwierdzenia wp\u0142aty.<\/p>\n<p><strong>1. Formularz zwrotu\/reklamacji<\/strong><\/p>\n<p>Wype\u0142nij formularz zwrotu\/reklamacji (przyk\u0142adowy wz\u00f3r poni\u017cej) i do\u0142\u0105cz go do przesy\u0142ki. Dokument powinien zawiera\u0107 nast\u0119puj\u0105ce dane: imi\u0119 i nazwisko, adres e-mail lub adres do korespondencji, nr telefonu, wskazanie numeru produktu i przyczyna reklamacji, data zakupu oraz wyst\u0105pienia wady.<\/p>\n<p><strong>2. Odes\u0142anie produktu<\/strong><\/p>\n<p>Sk\u0142adaj\u0105c reklamacj\u0119 prosimy o odes\u0142anie produktu wraz ze wszystkimi jego akcesoriami oraz z dokumentem potwierdzaj\u0105cym dokonanie zakupu. W przypadku wyst\u0105pienia konieczno\u015bci zwrotu \u015brodk\u00f3w za transakcj\u0119 dokonan\u0105 przez klienta kart\u0105 p\u0142atnicz\u0105 sprzedaj\u0105cy dokonana zwrotu na rachunek bankowy przypisany do karty p\u0142atniczej Zamawiaj\u0105cego.<\/p>\n<p><strong>3. Wysy\u0142ka<\/strong><\/p>\n<p>Reklamowany produkt nale\u017cy wys\u0142a\u0107 na adres:<br \/>PASLAND<br \/>Warszawska 93<br \/>05-092 \u0141omianki<\/p>\n<p><strong>4. Zwrot towaru<\/strong><\/p>\n<p>Zgodnie z obowi\u0105zuj\u0105cym prawem, masz 14 dni na zwrot towaru. Aby odst\u0105pi\u0107 od umowy i zwr\u00f3ci\u0107 zakupiony u nas produkt, wype\u0142nij potrzebne o\u015bwiadczenie i wy\u015blij go na nasz adres wraz ze zwracanym produktem\/produktami:<br \/>PASLAND<br \/>Warszawska 93<br \/>05-092 \u0141omianki<\/p>\n<p>Do paczki z o\u015bwiadczeniem i zwracanym produktem\/produktami prosz\u0119 do\u0142\u0105czy\u0107 tak\u017ce wszystkie otrzymane z nim\/nimi akcesoria oraz dokument potwierdzaj\u0105cy zakup.<\/p>\n<p>UWAGI:<\/p>\n<p>Prawo odst\u0105pienia od umowy bez podania przyczyny nie przys\u0142uguje konsumentowi w przypadku, gdy kupuj\u0105cy otworzy\u0142 zapiecz\u0119towane opakowanie nagrania d\u017awi\u0119kowego, wizualnego lub programu komputerowego (przepis z ustawy).<\/p>\n<p><strong>Dodatkowe informacje<\/strong><\/p>\n<p>Pouczenie o prawie do odst\u0105pienia od umowy kupna-sprzeda\u017cy Na podstawie art. 27 ustawy z dnia 30 maja 2014 r. o prawach konsumenta (Dz. U. 2014 r., poz. 827) konsument, kt\u00f3ry zawar\u0142 umow\u0119 na odleg\u0142o\u015b\u0107, mo\u017ce od niej odst\u0105pi\u0107 na pi\u015bmie bez podania przyczyny i bez ponoszenia koszt\u00f3w, z wyj\u0105tkiem koszt\u00f3w okre\u015blonych w art. 33, art. 34 ust. 2 i art. 35. Mo\u017cliwe jest odst\u0105pienie od umowy w terminie 14 dni od dnia wydania rzeczy. O\u015bwiadczenie o odst\u0105pieniu od umowy nale\u017cy wys\u0142a\u0107 drog\u0105 pocztow\u0105 na adres siedziby PASLAND, ul. Warszawska 93, 05-092 \u0141omianki lub drog\u0105 elektroniczn\u0105 na adres e-mail: pasland@pasland.pl. Termin 14-sto dniowy, liczy si\u0119 od dnia wydania rzeczy, rozumianego jako obj\u0119cie rzeczy w posiadanie przez konsumenta lub wskazan\u0105 przez konsumenta osob\u0119 trzeci\u0105 inn\u0105 ni\u017c przewo\u017anik. Towar nale\u017cy odes\u0142a\u0107 niezw\u0142ocznie po z\u0142o\u017ceniu o\u015bwiadczenia o odst\u0105pieniu od umowy, nie p\u00f3\u017aniej ni\u017c w terminie 14 dni, w stanie niezmienionym. W przypadku odst\u0105pienia od umowy sprzeda\u017cy towaru zakupionego w zestawie z innym produktem zwrotowi podlega ca\u0142y zestaw. Konsument ponosi odpowiedzialno\u015b\u0107 za zmniejszenie warto\u015bci rzeczy b\u0119d\u0105ce wynikiem korzystania z niej w spos\u00f3b wykraczaj\u0105cy poza konieczny dla stwierdzenia charakteru, cech i funkcjonowania rzeczy. Koszty bezpo\u015bredniego odes\u0142ania (zwrotu) towaru do Sprzedawcy w zwi\u0105zku z dokonanym odst\u0105pieniem od umowy bez podania przyczyny w terminie 14 dni od dnia wydania rzeczy, ponosi konsument. Je\u017celi konsument wybra\u0142 spos\u00f3b dostarczenia rzeczy inny ni\u017c najta\u0144szy zwyk\u0142y spos\u00f3b dostarczenia oferowany przez przedsi\u0119biorc\u0119, przedsi\u0119biorca nie jest zobowi\u0105zany do zwrotu konsumentowi poniesionych przez niego dodatkowych koszt\u00f3w. Prawo odst\u0105pienia od umowy zawartej poza lokalem przedsi\u0119biorstwa lub na odleg\u0142o\u015b\u0107 nie przys\u0142uguje konsumentowi w odniesieniu do um\u00f3w:<\/p>\n<ul>\n<li>o \u015bwiadczenie us\u0142ug, je\u017celi Sprzedaj\u0105cy wykona\u0142 w pe\u0142ni us\u0142ug\u0119 za wyra\u017an\u0105 zgod\u0105 konsumenta, kt\u00f3ry zosta\u0142 poinformowany przed rozpocz\u0119ciem \u015bwiadczenia, \u017ce po spe\u0142nieniu \u015bwiadczenia przez Sprzedaj\u0105cego utraci prawo do odst\u0105pienia od umowy;<\/li>\n<li>w kt\u00f3rej przedmiotem \u015bwiadczenia jest rzecz nieprefabrykowana, wyprodukowana wed\u0142ug specyfikacji konsumenta lub s\u0142u\u017c\u0105ca zaspokojeniu jego zindywidualizowanych potrzeb;<\/li>\n<li>w kt\u00f3rej przedmiotem \u015bwiadczenia s\u0105 nagrania d\u017awi\u0119kowe lub wizualne albo programy komputerowe dostarczane w zapiecz\u0119towanym opakowaniu, je\u017celi opakowanie zosta\u0142o otwarte po dostarczeniu;<\/li>\n<li>o dostarczanie tre\u015bci cyfrowych, kt\u00f3re nie s\u0105 zapisane na no\u015bniku materialnym, je\u017celi spe\u0142nianie \u015bwiadczenia rozpocz\u0119\u0142o si\u0119 za wyra\u017an\u0105 zgod\u0105 konsumenta przed up\u0142ywem terminu do odst\u0105pienia od umowy i po poinformowaniu go przez przedsi\u0119biorc\u0119 o utracie prawa odst\u0105pienia od umowy;<\/li>\n<li>w kt\u00f3rej przedmiotem \u015bwiadczenia s\u0105 nagrania d\u017awi\u0119kowe lub wizualne albo programy komputerowe dostarczane w zapiecz\u0119towanym opakowaniu, je\u017celi opakowanie zosta\u0142o otwarte po dostarczeniu.<\/li>\n<\/ul>\n<p>W przypadku odst\u0105pienia od umowy nale\u017cy wype\u0142ni\u0107 formularz zwrotu:<\/p>\n<p>Adresat:<\/p>\n<p>PASLAND Stanis\u0142aw Paszcza<\/p>\n<p>ul. Warszawska 93 05-092 \u0141omianki<\/p>\n<p>Ja, ni\u017cej podpisany \u2026\u2026\u2026\u2026\u2026\u2026\u2026\u2026\u2026\u2026\u2026.. niniejszym informacj\u0119 o moim odst\u0105pieniu od umowy sprzeda\u017cy nast\u0119puj\u0105cych rzeczy: \u2026\u2026\u2026\u2026\u2026\u2026\u2026\u2026\u2026\u2026\u2026\u2026\u2026\u2026\u2026 W\/w rzeczy zosta\u0142y zakupione w dniu: \u2026\u2026\u2026\u2026\u2026\u2026\u2026\u2026\u2026\u2026\u2026\u2026.. Imi\u0119 i nazwisko: \u2026\u2026\u2026\u2026\u2026\u2026\u2026\u2026\u2026\u2026\u2026\u2026\u2026\u2026\u2026. Adres: \u2026\u2026\u2026\u2026\u2026\u2026\u2026\u2026\u2026\u2026\u2026\u2026\u2026\u2026\u2026\u2026\u2026\u2026. Nr konta do zwrotu pieni\u0119dzy: \u2026\u2026\u2026\u2026\u2026\u2026\u2026\u2026\u2026\u2026\u2026\u2026\u2026\u2026\u2026\u2026\u2026.. Data i podpis \u2026\u2026\u2026\u2026\u2026\u2026\u2026\u2026\u2026\u2026\u2026\u2026\u2026\u2026\u2026\u2026\u2026\u2026\u2026\u2026\u2026..<\/p>\n<p><strong>WA\u017bNE:<\/strong><\/p>\n<p>Zwrot\u00f3w nie przyjmujemy ZA POBRANIEM.<br \/>Zwroty przyjmujemy tylko z dowodem zakupu (paragon, faktura) lub dowodem potwierdzenia wp\u0142aty.<\/p>\n\n\t\t<\/div>\n\t<\/div>\n<\/div><\/div><\/div><\/div><\/div>","protected":false},"excerpt":{"rendered":"1. Formularz zwrotu\/reklamacji Wype\u0142nij formularz zwrotu\/reklamacji (przyk\u0142adowy wz\u00f3r poni\u017cej) i do\u0142\u0105cz go do przesy\u0142ki. Dokument powinien zawiera\u0107 nast\u0119puj\u0105ce dane: imi\u0119","protected":false},"author":2,"featured_media":0,"parent":0,"menu_order":0,"comment_status":"closed","ping_status":"closed","template":"","meta":{"footnotes":""},"class_list":["post-8552","page","type-page","status-publish","hentry"],"_links":{"self":[{"href":"http:\/\/mppd.pl\/hu\/wp-json\/wp\/v2\/pages\/8552","targetHints":{"allow":["GET"]}}],"collection":[{"href":"http:\/\/mppd.pl\/hu\/wp-json\/wp\/v2\/pages"}],"about":[{"href":"http:\/\/mppd.pl\/hu\/wp-json\/wp\/v2\/types\/page"}],"author":[{"embeddable":true,"href":"http:\/\/mppd.pl\/hu\/wp-json\/wp\/v2\/users\/2"}],"replies":[{"embeddable":true,"href":"http:\/\/mppd.pl\/hu\/wp-json\/wp\/v2\/comments?post=8552"}],"version-history":[{"count":2,"href":"http:\/\/mppd.pl\/hu\/wp-json\/wp\/v2\/pages\/8552\/revisions"}],"predecessor-version":[{"id":8723,"href":"http:\/\/mppd.pl\/hu\/wp-json\/wp\/v2\/pages\/8552\/revisions\/8723"}],"wp:attachment":[{"href":"http:\/\/mppd.pl\/hu\/wp-json\/wp\/v2\/media?parent=8552"}],"curies":[{"name":"wp","href":"https:\/\/api.w.org\/{rel}","templated":true}]}}