{"id":8862,"date":"2022-08-04T13:36:39","date_gmt":"2022-08-04T11:36:39","guid":{"rendered":"http:\/\/mppd.pl\/?page_id=8862"},"modified":"2022-08-04T13:39:27","modified_gmt":"2022-08-04T11:39:27","slug":"privacy-policy","status":"publish","type":"page","link":"http:\/\/mppd.pl\/sk\/privacy-policy\/","title":{"rendered":"Privacy policy"},"content":{"rendered":"<div class=\"wpb-content-wrapper\"><div class=\"vc_row wpb_row vc_row-fluid\"><div class=\"wpb_column vc_column_container vc_col-sm-12\"><div class=\"vc_column-inner\"><div class=\"wpb_wrapper\">\n\t<div class=\"wpb_text_column wpb_content_element\" >\n\t\t<div class=\"wpb_wrapper\">\n\t\t\t<h1><strong>Polityka prywatno\u015bci sklepu www.oio.pl<\/strong><\/h1>\n\n\t\t<\/div>\n\t<\/div>\n<\/div><\/div><\/div><\/div><div class=\"vc_row wpb_row vc_row-fluid\"><div class=\"wpb_column vc_column_container vc_col-sm-12\"><div class=\"vc_column-inner\"><div class=\"wpb_wrapper\">\n\t<div class=\"wpb_text_column wpb_content_element\" >\n\t\t<div class=\"wpb_wrapper\">\n\t\t\t<h3>Kim jeste\u015bmy<\/h3>\n<p>Adres naszej strony internetowej to: <a href=\"https:\/\/www.oio.pl\">https:\/\/www.oio.pl<\/a>.<\/p>\n<p>PASLAND Stanis\u0142aw Paszcza<br \/>\n05-135 Wieliszew, ul. Modli\u0144ska 140\/5<br \/>\n05-092 \u0141omianki, ul. Warszawska 93<br \/>\nNIP: 6761007875<\/p>\n<h4>1. POSTANOWIENIA OG\u00d3LNE<\/h4>\n<p>1.1. Niniejsza polityka prywatno\u015bci Sklepu Internetowego ma charakter informacyjny, co oznacza \u017ce nie jest ona \u017ar\u00f3d\u0142em obowi\u0105zk\u00f3w dla Us\u0142ugobiorc\u00f3w lub Klient\u00f3w Sklepu Internetowego. Przedstawiona oferta cenowa ma charakter informacyjny, nie stanowi oferty handlowej w rozumieniu Art.66 par.1 Kodeksu Cywilnego oraz nie stanowi odzwierciedlenia aktualnych stan\u00f3w magazynowych.<\/p>\n<p>1.2. Administratorem danych osobowych zbieranych za po\u015brednictwem Sklepu Internetowego jest firma PASLAND Stanis\u0142aw Paszcza wpisan\u0105 do Centralnej Ewidencji i Informacji o Dzia\u0142alno\u015bci Gospodarczej Rzeczypospolitej Polskiej prowadzonej przez ministra w\u0142a\u015bciwego do spraw gospodarki, posiadaj\u0105cy: adres miejsca wykonywania dzia\u0142alno\u015bci i adres do dor\u0119cze\u0144: ul. Warszawska 93. 05-092 \u0141omianki, NIP 6761007875, adres poczty elektronicznej: pasland@pasland.pl \u2013 zwany dalej \u201eAdministratorem\u201d i b\u0119d\u0105cy jednocze\u015bnie Us\u0142ugodawc\u0105 Sklepu Internetowego i Sprzedawc\u0105.<\/p>\n<p>1.3. Dane osobowe Us\u0142ugobiorcy i Klienta s\u0105 przetwarzane zgodnie z ustaw\u0105 o ochronie danych osobowych z dnia 29 sierpnia 1997 r. (Dz.U. 1997 Nr 133, poz. 883 ze zm.) (zwana dalej: Ustaw\u0105 o ochronie danych osobowych) oraz ustaw\u0105 o \u015bwiadczeniu us\u0142ug drog\u0105 elektroniczn\u0105 z dnia 18 lipca 2002 r. (Dz.U. 2002 Nr 144, poz. 1204 ze zm.).<\/p>\n<p>1.4. Administrator dok\u0142ada szczeg\u00f3lnej staranno\u015bci w celu ochrony interes\u00f3w os\u00f3b, kt\u00f3rych dane dotycz\u0105, a w szczeg\u00f3lno\u015bci zapewnia, \u017ce zbierane przez niego dane s\u0105 przetwarzane zgodnie z prawem; zbierane dla oznaczonych, zgodnych z prawem cel\u00f3w i niepoddawane dalszemu przetwarzaniu niezgodnemu z tymi celami; merytorycznie poprawne i adekwatne w stosunku do cel\u00f3w, w jakich s\u0105 przetwarzane oraz przechowywane w postaci umo\u017cliwiaj\u0105cej identyfikacj\u0119 os\u00f3b, kt\u00f3rych dotycz\u0105, nie d\u0142u\u017cej ni\u017c jest to niezb\u0119dne do osi\u0105gni\u0119cia celu przetwarzania.<\/p>\n<p>1.5. Wszelkie s\u0142owa, wyra\u017cenia i akronimy wyst\u0119puj\u0105ce na niniejszej stronie i rozpoczynaj\u0105ce si\u0119 du\u017c\u0105 liter\u0105 (np. Sprzedawca, Sklep Internetowy, Us\u0142uga Elektroniczna) nale\u017cy rozumie\u0107 zgodnie z ich definicj\u0105 zawart\u0105 w Regulaminie Sklepu Internetowego dost\u0119pnym na stronach Sklepu Internetowego.<\/p>\n<h4>2. CEL I ZAKRES ZBIERANIA DANYCH<\/h4>\n<p>2.1. Ka\u017cdorazowo cel, zakres oraz odbiorcy danych przetwarzanych przez Administratora wynika z dzia\u0142a\u0144 podejmowanych przez Us\u0142ugobiorc\u0119 lub Klienta w Sklepie Internetowym. Przyk\u0142adowo je\u017celi Klient w trakcie sk\u0142adania Zam\u00f3wienia wybierze odbi\u00f3r osobisty zamiast przesy\u0142ki kurierskiej, to jego dane osobowe b\u0119d\u0105 przetwarzane w celu zawarcia i realizacji Umowy Sprzeda\u017cy, ale nie b\u0119d\u0105 ju\u017c udost\u0119pniane przewo\u017anikowi realizuj\u0105cemu przesy\u0142ki na zlecenie Administratora.<\/p>\n<p>2.2. Mo\u017cliwe cele zbierania danych osobowych Us\u0142ugobiorc\u00f3w lub Klient\u00f3w przez Administratora:<\/p>\n<p>2.2.1. zawarcie i realizacja Umowy Sprzeda\u017cy lub umowy o \u015bwiadczenie Us\u0142ugi Elektronicznej (np. Konto).<\/p>\n<p>2.2.2. marketing bezpo\u015bredni w\u0142asnych produkt\u00f3w lub us\u0142ug Administratora.<\/p>\n<p>2.3. Mo\u017cliwi odbiorcy danych osobowych Klient\u00f3w Sklepu Internetowego:<\/p>\n<p>2.3.1. W przypadku Klienta, kt\u00f3ry korzysta w Sklepie Internetowym ze sposobu p\u0142atno\u015bci elektronicznych lub kart\u0105 p\u0142atnicz\u0105 Administrator udost\u0119pnia zebrane dane osobowe Klienta, wybranemu podmiotowi obs\u0142uguj\u0105cemu powy\u017csze p\u0142atno\u015bci w Sklepie Internetowym.<\/p>\n<p>2.4. Administrator mo\u017ce przetwarza\u0107 nast\u0119puj\u0105ce dane osobowe Us\u0142ugobiorc\u00f3w lub Klient\u00f3w korzystaj\u0105cych ze Sklepu Internetowego: imi\u0119 i nazwisko; adres poczty elektronicznej.<\/p>\n<p>2.5. Podanie danych osobowych, o kt\u00f3rych mowa w punkcie powy\u017cej mo\u017ce by\u0107 niezb\u0119dne do zawarcia i realizacji Umowy Sprzeda\u017cy lub umowy o \u015bwiadczenie Us\u0142ugi Elektronicznej w Sklepie Internetowym. Ka\u017cdorazowo zakres wymaganych do zawarcia umowy danych wskazany jest uprzednio na stronie Sklepu Internetowego oraz w Regulaminie Sklepu Internetowego.<\/p>\n<h4>3. COOKIES I DANE EKSPLOATACYJNE<\/h4>\n<p>3.1. Pliki Cookies (ciasteczka) s\u0105 to niewielkie informacje tekstowe w postaci plik\u00f3w tekstowych, wysy\u0142ane przez serwer i zapisywane po stronie osoby odwiedzaj\u0105cej stron\u0119 Sklepu Internetowego (np. na dysku twardym komputera, laptopa, czy te\u017c na karcie pami\u0119ci smartfona \u2013 w zale\u017cno\u015bci z jakiego urz\u0105dzenia korzysta odwiedzaj\u0105cy nasz Sklep Internetowy). Szczeg\u00f3\u0142owe informacje dot. plik\u00f3w Cookies, a tak\u017ce histori\u0119 ich powstania mo\u017cna znale\u017a\u0107 m.in. tutaj: http:\/\/pl.wikipedia.org\/wiki\/Ciasteczko.<\/p>\n<p>3.2. Administrator mo\u017ce przetwarza\u0107 dane zawarte w plikach Cookies podczas korzystania przez odwiedzaj\u0105cych ze strony Sklepu Internetowego w nast\u0119puj\u0105cych celach:<\/p>\n<p>3.2.1. identyfikacji Us\u0142ugobiorc\u00f3w jako zalogowanych w Sklepie Internetowym i pokazywania, \u017ce s\u0105 zalogowani;<\/p>\n<p>3.2.2. zapami\u0119tywania Produkt\u00f3w dodanych do koszyka w celu z\u0142o\u017cenia Zam\u00f3wienia;<\/p>\n<p>3.2.3. zapami\u0119tywania danych z wype\u0142nianych Formularzy Zam\u00f3wienia, ankiet lub danych logowania do Sklepu Internetowego;<\/p>\n<p>3.2.4. dostosowywania zawarto\u015bci strony Sklepu Internetowego do indywidualnych preferencji Us\u0142ugobiorcy (np. dotycz\u0105cych kolor\u00f3w, rozmiaru czcionki, uk\u0142adu strony) oraz optymalizacji korzystania ze stron Sklepu Internetowego;<\/p>\n<p>3.2.5. prowadzenia anonimowych statystyk przedstawiaj\u0105cych spos\u00f3b korzystania ze strony Sklepu Internetowego w panelu administracyjnym oraz google analytics<\/p>\n<p>3.2.6. tworzenia list remarketingowych na podstawie informacji o zachowaniu, zainteresowaniach i danych demograficznych, a nast\u0119pnie udost\u0119pnianie tych list w AdWords oraz Facebook Ads.<\/p>\n<p>3.2.7. wykorzystywania danych demograficznych i danych o zainteresowaniach w raportach Analytics.<\/p>\n<p>3.2.8. tworzenia segment\u00f3w na podstawie danych demograficznych i danych o zainteresowaniach.<\/p>\n<p>3.3. Standardowo wi\u0119kszo\u015b\u0107 przegl\u0105darek internetowych dost\u0119pnych na rynku domy\u015blnie akceptuje zapisywanie plik\u00f3w Cookies. Ka\u017cdy ma mo\u017cliwo\u015b\u0107 okre\u015blenia warunk\u00f3w korzystania z plik\u00f3w Cookies za pomoc\u0105 ustawie\u0144 w\u0142asnej przegl\u0105darki internetowej. Oznacza to, \u017ce mo\u017cna np. cz\u0119\u015bciowo ograniczy\u0107 (np. czasowo) lub ca\u0142kowicie wy\u0142\u0105czy\u0107 mo\u017cliwo\u015b\u0107 zapisywania plik\u00f3w Cookies \u2013 w tym ostatnim wypadku jednak mo\u017ce to mie\u0107 wp\u0142yw na niekt\u00f3re funkcjonalno\u015bci Sklepu Internetowego (przyk\u0142adowo niemo\u017cliwym mo\u017ce okaza\u0107 si\u0119 przej\u015bcie \u015bcie\u017cki Zam\u00f3wienia poprzez Formularz Zam\u00f3wienia z uwagi na niezapami\u0119tywanie Produkt\u00f3w w koszyku podczas kolejnych krok\u00f3w sk\u0142adania Zam\u00f3wienia).<\/p>\n<p>3.4. Ustawienia przegl\u0105darki internetowej w zakresie plik\u00f3w Cookies s\u0105 istotne z punktu widzenia zgody na korzystanie z plik\u00f3w Cookies przez nasz Sklep Internetowy \u2013 zgodnie z przepisami taka zgoda mo\u017ce by\u0107 r\u00f3wnie\u017c wyra\u017cona poprzez ustawienia przegl\u0105darki internetowej. W braku wyra\u017cenia takiej zgody nale\u017cy odpowiednio zmieni\u0107 ustawienia przegl\u0105darki internetowej w zakresie plik\u00f3w Cookies.<\/p>\n<h5>3.5. Sposoby rezygnacji:<\/h5>\n<p>3.5.1. Szczeg\u00f3\u0142owe informacje na temat zmiany ustawie\u0144 dotycz\u0105cych plik\u00f3w Cookies oraz ich samodzielnego usuwania w najpopularniejszych przegl\u0105darkach internetowych dost\u0119pne s\u0105 w dziale pomocy przegl\u0105darki internetowej oraz na poni\u017cszych stronach (wystarczy klikn\u0105\u0107 w dany link):<\/p>\n<p>\u2013 w przegl\u0105darce Chrome<\/p>\n<p>\u2013 w przegl\u0105darce Mozilla Firefox<\/p>\n<p>\u2013 w prz\u0119gl\u0105darce Internet Explorer<\/p>\n<p>\u2013 w przegl\u0105darce Opera<\/p>\n<p>\u2013 w przegl\u0105darce Safari<\/p>\n<p>3.5.2. Aby zablokowa\u0107 wysy\u0142anie informacji do Google Analytics mo\u017cna skorzysta\u0107 z dodatku do przegl\u0105darki, kt\u00f3ry blokuje Google Analytics pod tym adresem: https:\/\/tools.google.com\/dlpage\/gaoptout\/<\/p>\n<p>3.6. Administrator przetwarza r\u00f3wnie\u017c zanonimizowane dane eksploatacyjne zwi\u0105zane z korzystaniem ze Sklepu Internetowego (tzw. logi \u2013 adres IP, domena) do generowania statystyk pomocnych w administrowaniu Sklepem Internetowym. Dane te maj\u0105 charakter zbiorczy i anonimowy, tj. nie zawieraj\u0105 cech identyfikuj\u0105cych osoby odwiedzaj\u0105ce stron\u0119 Sklepu Internetowego. Logi nie s\u0105 ujawniane osobom trzecim.<\/p>\n<h4>4. PODSTAWA PRZETWARZANIA DANYCH<\/h4>\n<p>4.1. Podanie danych osobowych przez Us\u0142ugobiorc\u0119 lub Klienta jest dobrowolne, aczkolwiek niepodanie wskazanych w na stronie Sklepu Internetowego oraz w Regulaminie Sklepu Internetowego danych osobowych niezb\u0119dnych do zawarcia i realizacji Umowy Sprzeda\u017cy lub umowy o \u015bwiadczenie Us\u0142ugi Elektronicznej skutkuje brakiem mo\u017cliwo\u015bci zawarcia tej\u017ce umowy.<\/p>\n<p>4.2. Podstaw\u0105 przetwarzania danych osobowych Us\u0142ugobiorcy lub Klienta jest konieczno\u015b\u0107 realizacji umowy, kt\u00f3rej jest stron\u0105 lub podj\u0119cia na jego \u017c\u0105danie dzia\u0142a\u0144 przed jej zawarciem. W przypadku przetwarzania danych w celu marketingu bezpo\u015bredniego w\u0142asnych produkt\u00f3w lub us\u0142ug Administratora podstaw\u0105 takiego przetwarzania jest (1) uprzednia zgoda Us\u0142ugobiorcy lub Klienta lub (2) wype\u0142nienie prawnie usprawiedliwionych cel\u00f3w realizowanych przez Administratora (zgodnie z art. 23 ust. 4 Ustawy o ochronie danych osobowych za prawnie usprawiedliwiony cel uwa\u017ca si\u0119 w szczeg\u00f3lno\u015bci marketing bezpo\u015bredni w\u0142asnych produkt\u00f3w lub us\u0142ug Administratora).<\/p>\n<h4>5. PRAWO KONTROLI, DOST\u0118PU DO TRE\u015aCI SWOICH DANYCH ORAZ ICH POPRAWIANIA<\/h4>\n<p>5.1. Us\u0142ugobiorca lub Klient ma prawo dost\u0119pu do tre\u015bci swoich danych osobowych oraz ich poprawiania.<\/p>\n<p>5.2. Ka\u017cdej osobie przys\u0142uguje prawo do kontroli przetwarzania danych, kt\u00f3re jej dotycz\u0105, zawartych w zbiorze danych Administratora, a zw\u0142aszcza prawo do: \u017c\u0105dania uzupe\u0142nienia, uaktualnienia, sprostowania danych osobowych, czasowego lub sta\u0142ego wstrzymania ich przetwarzania lub ich usuni\u0119cia, je\u017celi s\u0105 one niekompletne, nieaktualne, nieprawdziwe lub zosta\u0142y zebrane z naruszeniem ustawy albo s\u0105 ju\u017c zb\u0119dne do realizacji celu, dla kt\u00f3rego zosta\u0142y zebrane.<\/p>\n<p>5.3. W przypadku udzielenia przez Us\u0142ugobiorc\u0119 lub Klienta zgody na przetwarzanie danych w celu marketingu bezpo\u015bredniego w\u0142asnych produkt\u00f3w lub us\u0142ug Administratora zgoda mo\u017ce by\u0107 odwo\u0142ana w ka\u017cdym czasie.<\/p>\n<p>5.4. W przypadku, gdy Administrator zamierza przetwarza\u0107 lub przetwarza dane Us\u0142ugobiorcy lub Klienta w celu marketingu bezpo\u015bredniego w\u0142asnych produkt\u00f3w lub us\u0142ug Administratora, osoba kt\u00f3rej dane dotycz\u0105 uprawniona jest tak\u017ce do (1) wniesienia pisemnego, umotywowanego \u017c\u0105dania zaprzestania przetwarzania jej danych ze wzgl\u0119du na jej szczeg\u00f3ln\u0105 sytuacj\u0119 lub do (2) wniesienia sprzeciwu wobec przetwarzania jej danych.<\/p>\n<p>5.5. W celu realizacji uprawnie\u0144, o kt\u00f3rych mowa powy\u017cej mo\u017cna kontaktowa\u0107 si\u0119 z Administratorem poprzez przes\u0142anie stosownej wiadomo\u015bci pisemnie lub poczt\u0105 elektroniczn\u0105 na adres Administratora wskazany na wst\u0119pie niniejszej polityki prywatno\u015bci.<\/p>\n<h4>6. POSTANOWIENIA KO\u0143COWE<\/h4>\n<p>6.1. Sklep Internetowy mo\u017ce zawiera\u0107 odno\u015bniki do innych stron internetowych. Administrator namawia by po przej\u015bciu na inne strony, zapozna\u0107 si\u0119 z polityk\u0105 prywatno\u015bci tam ustalon\u0105. Niniejsza polityka prywatno\u015bci dotyczy tylko niniejszego Sklepu Internetowego.<\/p>\n<p>6.2. Administrator stosuje \u015brodki techniczne i organizacyjne zapewniaj\u0105ce ochron\u0119 przetwarzanych danych osobowych odpowiedni\u0105 do zagro\u017ce\u0144 oraz kategorii danych obj\u0119tych ochron\u0105, a w szczeg\u00f3lno\u015bci zabezpiecza dane przed ich udost\u0119pnieniem osobom nieupowa\u017cnionym, zabraniem przez osob\u0119 nieuprawnion\u0105, przetwarzaniem z naruszeniem obowi\u0105zuj\u0105cych przepis\u00f3w oraz zmian\u0105, utrat\u0105, uszkodzeniem lub zniszczeniem.<\/p>\n<p>6.3. Administrator odpowiednio udost\u0119pnia nast\u0119puj\u0105ce \u015brodki techniczne zapobiegaj\u0105ce pozyskiwaniu i modyfikowaniu przez osoby nieuprawnione danych osobowych przesy\u0142anych drog\u0105 elektroniczn\u0105:<\/p>\n<p>6.3.1. Zabezpieczenie zbioru danych przed nieuprawnionym dost\u0119pem.<\/p>\n<p>6.3.2. Dost\u0119p do Konta jedynie po podaniu indywidualnego loginu i has\u0142a.<\/p>\n\n\t\t<\/div>\n\t<\/div>\n<\/div><\/div><\/div><\/div>\n<\/div>","protected":false},"excerpt":{"rendered":"Polityka prywatno\u015bci sklepu www.oio.pl Kim jeste\u015bmy Adres naszej strony internetowej to: https:\/\/www.oio.pl. PASLAND Stanis\u0142aw Paszcza 05-135 Wieliszew, ul. Modli\u0144ska 140\/5","protected":false},"author":2,"featured_media":0,"parent":0,"menu_order":0,"comment_status":"closed","ping_status":"closed","template":"","meta":{"footnotes":""},"class_list":["post-8862","page","type-page","status-publish","hentry"],"_links":{"self":[{"href":"http:\/\/mppd.pl\/sk\/wp-json\/wp\/v2\/pages\/8862","targetHints":{"allow":["GET"]}}],"collection":[{"href":"http:\/\/mppd.pl\/sk\/wp-json\/wp\/v2\/pages"}],"about":[{"href":"http:\/\/mppd.pl\/sk\/wp-json\/wp\/v2\/types\/page"}],"author":[{"embeddable":true,"href":"http:\/\/mppd.pl\/sk\/wp-json\/wp\/v2\/users\/2"}],"replies":[{"embeddable":true,"href":"http:\/\/mppd.pl\/sk\/wp-json\/wp\/v2\/comments?post=8862"}],"version-history":[{"count":3,"href":"http:\/\/mppd.pl\/sk\/wp-json\/wp\/v2\/pages\/8862\/revisions"}],"predecessor-version":[{"id":8865,"href":"http:\/\/mppd.pl\/sk\/wp-json\/wp\/v2\/pages\/8862\/revisions\/8865"}],"wp:attachment":[{"href":"http:\/\/mppd.pl\/sk\/wp-json\/wp\/v2\/media?parent=8862"}],"curies":[{"name":"wp","href":"https:\/\/api.w.org\/{rel}","templated":true}]}}